{"id":1067,"date":"2022-03-20T17:47:59","date_gmt":"2022-03-20T16:47:59","guid":{"rendered":"https:\/\/loeben.net\/blog\/?page_id=1067"},"modified":"2022-04-19T20:16:48","modified_gmt":"2022-04-19T18:16:48","slug":"verhaltensregeln","status":"publish","type":"page","link":"https:\/\/loeben.net\/blog\/verhaltensregeln\/","title":{"rendered":"Verhaltensregeln"},"content":{"rendered":"\n<p>Verhaltensregeln f\u00fcr das [Loeben.Net]<\/p>\n\n\n\n<p>[Loeben.Net] betreibt ein interaktives Online-Angebot, das als soziales Netzwerk im Internet abrufbar ist. Alle auf [Loeben.Net] registrierten Nutzer bilden zusammen ein einheitliches soziales Netzwerk (nachfolgend Netzwerk). Jeder Nutzer kann entscheiden, ob und in wieweit er Nutzern Einsicht in sein Profil gew\u00e4hrt.<\/p>\n\n\n\n<p>F\u00fcr das Verhalten aller Nutzer des Netzwerks, f\u00fcr Inhalte in Profilen und Gruppen, f\u00fcr Bilder und Links, sowie f\u00fcr den Umgang mit Daten, die \u00fcber das Netzwerk zug\u00e4nglich sind, gelten folgende verbindliche Regeln:<\/p>\n\n\n\n<ol class=\"wp-block-list\"><li>Eine respektvolle Ausdrucksweise und ein h\u00f6flicher Umgang miteinander geh\u00f6ren zu den Grundlagen in unserem Netzwerk. Dementsprechend ist es nicht gestattet, andere Menschen negativ hervorzuheben, zu mobben oder l\u00e4cherlich zu machen.<\/li><li>Ver\u00f6ffentlichungen, die gegen geltendes Recht versto\u00dfen, sind nat\u00fcrlich grunds\u00e4tzlich nicht gestattet.<\/li><li>Kein wiederholtes Zusenden von Nachrichten, wenn die Empf\u00e4ngerin oder der Empf\u00e4nger mitgeteilt hat, dass dies nicht erw\u00fcnscht ist.<\/li><li>Es d\u00fcrfen keine Kettenbriefe, Pyramidenschemata, Wettbewerbe, Lotterien, Wettspiele oder \u00c4hnliches verschickt bzw. organisiert werden.<\/li><li>Angaben in Profilen und Gruppen m\u00fcssen der Wirklichkeit entsprechen. Inhalte in Profilen und Gruppen sowie Bilder und Links d\u00fcrfen nur zu privaten Zwecken ver\u00f6ffentlicht werden. Daten, die von anderen Nutzern \u00fcber das Netzwerk ver\u00f6ffentlicht werden, d\u00fcrfen in keiner Weise weiterverwendet werden.<\/li><li>F\u00fcr jede Art von Ver\u00f6ffentlichung (Daten, Informationen, Bilder und dergleichen), sowie deren Folgen sind die Nutzer in jeder Hinsicht selbst verantwortlich.<\/li><li>Wenn auf der Profilseite ein Profilbild hochgeladen wird, muss der Nutzer darauf erkennbar sein.<\/li><li>Der Nutzer darf nur Inhalte ver\u00f6ffentlichen, an denen er auch die Rechte h\u00e4lt. F\u00fcr Ver\u00f6ffentlichungen mit Bezug zu Dritten ist deren Einverst\u00e4ndnis erforderlich.<\/li><li>Es darf keine kommerzielle oder politische Werbung von Nutzern ver\u00f6ffentlicht werden.<\/li><li>Rassistische, gewaltt\u00e4tige, politisch extremistische, sexistische, diskriminierende oder sonst anst\u00f6\u00dfige Ver\u00f6ffentlichungen, sowie solche, die andere Personen, Volksgruppen oder religi\u00f6se Bekenntnisse beleidigen, verleumden, bedrohen oder verbal herabsetzen, sind nicht gestattet.<\/li><li>Nacktaufnahmen und pornografische Motive bzw. Abbildungen von k\u00f6rperlicher oder sexueller Gewalt sind nicht gestattet. Ebenso verboten sind Aufnahmen von Opfern von Gewalttaten, Opfern von Krieg oder Opfern von Naturkatastrophen, die Verwendung von verfassungswidrigen Symbolen sowie die Abbildung von gewaltverherrlichenden Motiven oder Darstellungen von Kriegshandlungen.<\/li><li>Nachrichten sind vom Nutzer vertraulich zu behandeln. Sie d\u00fcrfen nur mit ausdr\u00fccklicher Zustimmung des Absenders Dritten zug\u00e4nglich gemacht werden.<\/li><li>Daten d\u00fcrfen nicht ohne Zustimmung manuell oder automatisiert zum Zwecke der Datengewinnung ausgelesen, gespeichert, bearbeitet, ver\u00e4ndert, weitergeleitet, kommerziell genutzt oder auf sonstige Weise missbraucht werden.<\/li><li>Es d\u00fcrfen keine Profile innerhalb des Netzwerks und keine Internet-Seiten eingerichtet werden, die dazu dienen, Informationen auszulesen, zu speichern, zu bearbeiten, zu ver\u00e4ndern, weiterzuleiten oder auf sonstige Weise zu missbrauchen.<\/li><li>Es d\u00fcrfen keine Viren, Links, Programme oder sonstige Verfahren angewandt oder verbreitet werden, mit denen gegen die Allgemeinen Gesch\u00e4ftsbedingungen f\u00fcr die Nutzung des Netzwerks versto\u00dfen wird.<\/li><li>Die Bekanntgabe und der Austausch von Passw\u00f6rtern, Codes und Seriennummern jeglicher Art sind auf der Plattform nicht gestattet.<\/li><li>Es d\u00fcrfen keine technischen Angriffe unternommen werden, um Daten einzelner Nutzer ganz oder teilweise zu ver\u00e4ndern, zu missbrauchen, zu l\u00f6schen oder in sonstiger Weise zu besch\u00e4digen. Ebenso sind technische Angriffe auf die Plattform [Loeben.Net] oder die Datenbank des Netzwerks in jeder Form untersagt.<\/li><li>Zus\u00e4tzlich zum Verhaltenskodex sind die Allgemeinen Gesch\u00e4ftsbedingungen f\u00fcr die Nutzung des Netzwerks einzuhalten.<\/li><\/ol>\n\n\n\n<p><strong>Ahndung von Verst\u00f6\u00dfen<\/strong><\/p>\n\n\n\n<ol class=\"wp-block-list\"><li>Ein Versto\u00df gegen die Allgemeinen Gesch\u00e4ftsbedingungen oder den Verhaltenskodex hat eine Verwarnung des Nutzers, eine tempor\u00e4re oder permanente Sperrung seines Profils oder eine Profill\u00f6schung zur Folge.<\/li><li>Profile, die eine andere als die tats\u00e4chliche Identit\u00e4t des Nutzers widerspiegeln, werden ohne Verwarnung bereits beim ersten Versto\u00df gel\u00f6scht.<\/li><li>Die Betreiber des Netzwerkes [Loeben.Net] behalten sich vor, ein Profil oder eine Gruppe bei einem groben Versto\u00df sofort und ohne Erteilung einer vorherigen Verwarnung zu l\u00f6schen.<\/li><li>Bei L\u00f6schung eines Gruppengr\u00fcnders setzt das Team von [Loeben.Net] einen der Gruppenmoderatoren als neuen Gruppengr\u00fcnder ein. Ist kein Moderator vorhanden, wird das Profil mit der l\u00e4ngsten Mitgliedschaft in der jeweiligen Gruppe als Gr\u00fcnder eingesetzt.<\/li><\/ol>\n","protected":false},"excerpt":{"rendered":"<p>Verhaltensregeln f\u00fcr das [Loeben.Net] [Loeben.Net] betreibt ein interaktives Online-Angebot, das als soziales Netzwerk im Internet abrufbar ist. Alle auf [Loeben.Net] registrierten Nutzer bilden zusammen ein einheitliches soziales Netzwerk (nachfolgend Netzwerk). Jeder Nutzer kann entscheiden, ob und in wieweit er Nutzern Einsicht in sein Profil gew\u00e4hrt. F\u00fcr das Verhalten aller Nutzer des Netzwerks, f\u00fcr Inhalte in [&hellip;]<\/p>\n","protected":false},"author":6,"featured_media":0,"parent":0,"menu_order":0,"comment_status":"closed","ping_status":"closed","template":"","meta":{"site-sidebar-layout":"default","site-content-layout":"","ast-site-content-layout":"default","site-content-style":"default","site-sidebar-style":"default","ast-global-header-display":"","ast-banner-title-visibility":"","ast-main-header-display":"","ast-hfb-above-header-display":"","ast-hfb-below-header-display":"","ast-hfb-mobile-header-display":"","site-post-title":"","ast-breadcrumbs-content":"","ast-featured-img":"","footer-sml-layout":"","ast-disable-related-posts":"","theme-transparent-header-meta":"","adv-header-id-meta":"","stick-header-meta":"","header-above-stick-meta":"","header-main-stick-meta":"","header-below-stick-meta":"","astra-migrate-meta-layouts":"default","ast-page-background-enabled":"default","ast-page-background-meta":{"desktop":{"background-color":"var(--ast-global-color-4)","background-image":"","background-repeat":"repeat","background-position":"center center","background-size":"auto","background-attachment":"scroll","background-type":"","background-media":"","overlay-type":"","overlay-color":"","overlay-opacity":"","overlay-gradient":""},"tablet":{"background-color":"","background-image":"","background-repeat":"repeat","background-position":"center center","background-size":"auto","background-attachment":"scroll","background-type":"","background-media":"","overlay-type":"","overlay-color":"","overlay-opacity":"","overlay-gradient":""},"mobile":{"background-color":"","background-image":"","background-repeat":"repeat","background-position":"center center","background-size":"auto","background-attachment":"scroll","background-type":"","background-media":"","overlay-type":"","overlay-color":"","overlay-opacity":"","overlay-gradient":""}},"ast-content-background-meta":{"desktop":{"background-color":"var(--ast-global-color-5)","background-image":"","background-repeat":"repeat","background-position":"center center","background-size":"auto","background-attachment":"scroll","background-type":"","background-media":"","overlay-type":"","overlay-color":"","overlay-opacity":"","overlay-gradient":""},"tablet":{"background-color":"var(--ast-global-color-5)","background-image":"","background-repeat":"repeat","background-position":"center center","background-size":"auto","background-attachment":"scroll","background-type":"","background-media":"","overlay-type":"","overlay-color":"","overlay-opacity":"","overlay-gradient":""},"mobile":{"background-color":"var(--ast-global-color-5)","background-image":"","background-repeat":"repeat","background-position":"center center","background-size":"auto","background-attachment":"scroll","background-type":"","background-media":"","overlay-type":"","overlay-color":"","overlay-opacity":"","overlay-gradient":""}},"footnotes":""},"class_list":["post-1067","page","type-page","status-publish","hentry"],"_links":{"self":[{"href":"https:\/\/loeben.net\/blog\/wp-json\/wp\/v2\/pages\/1067","targetHints":{"allow":["GET"]}}],"collection":[{"href":"https:\/\/loeben.net\/blog\/wp-json\/wp\/v2\/pages"}],"about":[{"href":"https:\/\/loeben.net\/blog\/wp-json\/wp\/v2\/types\/page"}],"author":[{"embeddable":true,"href":"https:\/\/loeben.net\/blog\/wp-json\/wp\/v2\/users\/6"}],"replies":[{"embeddable":true,"href":"https:\/\/loeben.net\/blog\/wp-json\/wp\/v2\/comments?post=1067"}],"version-history":[{"count":5,"href":"https:\/\/loeben.net\/blog\/wp-json\/wp\/v2\/pages\/1067\/revisions"}],"predecessor-version":[{"id":1415,"href":"https:\/\/loeben.net\/blog\/wp-json\/wp\/v2\/pages\/1067\/revisions\/1415"}],"wp:attachment":[{"href":"https:\/\/loeben.net\/blog\/wp-json\/wp\/v2\/media?parent=1067"}],"curies":[{"name":"wp","href":"https:\/\/api.w.org\/{rel}","templated":true}]}}